{"id":9,"date":"2019-08-14T14:42:43","date_gmt":"2019-08-14T17:42:43","guid":{"rendered":"https:\/\/www.dialhost.com.br\/trabalhe-conosco\/?page_id=9"},"modified":"2024-12-18T17:48:51","modified_gmt":"2024-12-18T20:48:51","slug":"trabalhe-conosco","status":"publish","type":"page","link":"https:\/\/www.dialhost.com.br\/trabalhe-conosco\/","title":{"rendered":"Trabalhe Conosco"},"content":{"rendered":"","protected":false},"excerpt":{"rendered":"","protected":false},"author":1,"featured_media":0,"parent":0,"menu_order":0,"comment_status":"closed","ping_status":"closed","template":"","meta":{"footnotes":""},"class_list":["post-9","page","type-page","status-publish","hentry","entry"],"yoast_head":"<!-- This site is optimized with the Yoast SEO plugin v24.1 - https:\/\/yoast.com\/wordpress\/plugins\/seo\/ -->\n<title>Trabalhe na DialHost - Veja as vagas de dispon\u00edveis em nosso time<\/title>\n<meta name=\"description\" content=\"Conhe\u00e7a as vagas de emprego dispon\u00edveis na DialHost Internet! Somos Apaixonados por Internet, venha fazer parte do nosso time.\" \/>\n<meta name=\"robots\" content=\"index, follow, max-snippet:-1, max-image-preview:large, max-video-preview:-1\" \/>\n<link rel=\"canonical\" href=\"https:\/\/www.dialhost.com.br\/trabalhe-conosco\/\" \/>\n<meta property=\"og:locale\" content=\"pt_BR\" \/>\n<meta property=\"og:type\" content=\"article\" \/>\n<meta property=\"og:title\" content=\"Trabalhe na DialHost - Veja as vagas de dispon\u00edveis em nosso time\" \/>\n<meta property=\"og:description\" content=\"Conhe\u00e7a as vagas de emprego dispon\u00edveis na DialHost Internet! Somos Apaixonados por Internet, venha fazer parte do nosso time.\" \/>\n<meta property=\"og:url\" content=\"https:\/\/www.dialhost.com.br\/trabalhe-conosco\/\" \/>\n<meta property=\"og:site_name\" content=\"Trabalhe na DialHost\" \/>\n<meta property=\"article:publisher\" content=\"http:\/\/www.facebook.com\/DialHost\" \/>\n<meta property=\"article:modified_time\" content=\"2024-12-18T20:48:51+00:00\" \/>\n<meta property=\"og:image\" content=\"https:\/\/www.dialhost.com.br\/trabalhe-conosco\/wp-content\/uploads\/2019\/08\/trabalhe-conosco.png\" \/>\n\t<meta property=\"og:image:width\" content=\"1200\" \/>\n\t<meta property=\"og:image:height\" content=\"630\" \/>\n\t<meta property=\"og:image:type\" content=\"image\/png\" \/>\n<meta name=\"twitter:card\" content=\"summary_large_image\" \/>\n<meta name=\"twitter:site\" content=\"@dialhost\" \/>\n<script type=\"application\/ld+json\" class=\"yoast-schema-graph\">{\"@context\":\"https:\/\/schema.org\",\"@graph\":[{\"@type\":\"WebPage\",\"@id\":\"https:\/\/www.dialhost.com.br\/trabalhe-conosco\/\",\"url\":\"https:\/\/www.dialhost.com.br\/trabalhe-conosco\/\",\"name\":\"Trabalhe na DialHost - Veja as vagas de dispon\u00edveis em nosso time\",\"isPartOf\":{\"@id\":\"\/trabalhe-conosco\/#website\"},\"datePublished\":\"2019-08-14T17:42:43+00:00\",\"dateModified\":\"2024-12-18T20:48:51+00:00\",\"description\":\"Conhe\u00e7a as vagas de emprego dispon\u00edveis na DialHost Internet! Somos Apaixonados por Internet, venha fazer parte do nosso time.\",\"breadcrumb\":{\"@id\":\"https:\/\/www.dialhost.com.br\/trabalhe-conosco\/#breadcrumb\"},\"inLanguage\":\"pt-BR\",\"potentialAction\":[{\"@type\":\"ReadAction\",\"target\":[\"https:\/\/www.dialhost.com.br\/trabalhe-conosco\/\"]}]},{\"@type\":\"BreadcrumbList\",\"@id\":\"https:\/\/www.dialhost.com.br\/trabalhe-conosco\/#breadcrumb\",\"itemListElement\":[{\"@type\":\"ListItem\",\"position\":1,\"name\":\"In\u00edcio\",\"item\":\"https:\/\/www.dialhost.com.br\/trabalhe-conosco\/\"},{\"@type\":\"ListItem\",\"position\":2,\"name\":\"Trabalhe Conosco\"}]},{\"@type\":\"WebSite\",\"@id\":\"\/trabalhe-conosco\/#website\",\"url\":\"\/trabalhe-conosco\/\",\"name\":\"Trabalhe na DialHost\",\"description\":\"Site para divulga\u00e7\u00e3o de oportunidades na DialHost\",\"publisher\":{\"@id\":\"\/trabalhe-conosco\/#organization\"},\"potentialAction\":[{\"@type\":\"SearchAction\",\"target\":{\"@type\":\"EntryPoint\",\"urlTemplate\":\"\/trabalhe-conosco\/?s={search_term_string}\"},\"query-input\":{\"@type\":\"PropertyValueSpecification\",\"valueRequired\":true,\"valueName\":\"search_term_string\"}}],\"inLanguage\":\"pt-BR\"},{\"@type\":\"Organization\",\"@id\":\"\/trabalhe-conosco\/#organization\",\"name\":\"DialHost Internet\",\"url\":\"\/trabalhe-conosco\/\",\"logo\":{\"@type\":\"ImageObject\",\"inLanguage\":\"pt-BR\",\"@id\":\"\/trabalhe-conosco\/#\/schema\/logo\/image\/\",\"url\":\"https:\/\/www.dialhost.com.br\/trabalhe-conosco\/wp-content\/uploads\/2019\/08\/dialhost-simbol-rgb.jpg\",\"contentUrl\":\"https:\/\/www.dialhost.com.br\/trabalhe-conosco\/wp-content\/uploads\/2019\/08\/dialhost-simbol-rgb.jpg\",\"width\":265,\"height\":265,\"caption\":\"DialHost Internet\"},\"image\":{\"@id\":\"\/trabalhe-conosco\/#\/schema\/logo\/image\/\"},\"sameAs\":[\"http:\/\/www.facebook.com\/DialHost\",\"https:\/\/x.com\/dialhost\",\"https:\/\/www.instagram.com\/dialhost_oficial\/\",\"https:\/\/www.linkedin.com\/company\/dialhost-internet\",\"https:\/\/www.youtube.com\/dialhost\"]}]}<\/script>\n<!-- \/ Yoast SEO plugin. -->","yoast_head_json":{"title":"Trabalhe na DialHost - Veja as vagas de dispon\u00edveis em nosso time","description":"Conhe\u00e7a as vagas de emprego dispon\u00edveis na DialHost Internet! Somos Apaixonados por Internet, venha fazer parte do nosso time.","robots":{"index":"index","follow":"follow","max-snippet":"max-snippet:-1","max-image-preview":"max-image-preview:large","max-video-preview":"max-video-preview:-1"},"canonical":"https:\/\/www.dialhost.com.br\/trabalhe-conosco\/","og_locale":"pt_BR","og_type":"article","og_title":"Trabalhe na DialHost - Veja as vagas de dispon\u00edveis em nosso time","og_description":"Conhe\u00e7a as vagas de emprego dispon\u00edveis na DialHost Internet! Somos Apaixonados por Internet, venha fazer parte do nosso time.","og_url":"https:\/\/www.dialhost.com.br\/trabalhe-conosco\/","og_site_name":"Trabalhe na DialHost","article_publisher":"http:\/\/www.facebook.com\/DialHost","article_modified_time":"2024-12-18T20:48:51+00:00","og_image":[{"width":1200,"height":630,"url":"https:\/\/www.dialhost.com.br\/trabalhe-conosco\/wp-content\/uploads\/2019\/08\/trabalhe-conosco.png","type":"image\/png"}],"twitter_card":"summary_large_image","twitter_site":"@dialhost","schema":{"@context":"https:\/\/schema.org","@graph":[{"@type":"WebPage","@id":"https:\/\/www.dialhost.com.br\/trabalhe-conosco\/","url":"https:\/\/www.dialhost.com.br\/trabalhe-conosco\/","name":"Trabalhe na DialHost - Veja as vagas de dispon\u00edveis em nosso time","isPartOf":{"@id":"\/trabalhe-conosco\/#website"},"datePublished":"2019-08-14T17:42:43+00:00","dateModified":"2024-12-18T20:48:51+00:00","description":"Conhe\u00e7a as vagas de emprego dispon\u00edveis na DialHost Internet! Somos Apaixonados por Internet, venha fazer parte do nosso time.","breadcrumb":{"@id":"https:\/\/www.dialhost.com.br\/trabalhe-conosco\/#breadcrumb"},"inLanguage":"pt-BR","potentialAction":[{"@type":"ReadAction","target":["https:\/\/www.dialhost.com.br\/trabalhe-conosco\/"]}]},{"@type":"BreadcrumbList","@id":"https:\/\/www.dialhost.com.br\/trabalhe-conosco\/#breadcrumb","itemListElement":[{"@type":"ListItem","position":1,"name":"In\u00edcio","item":"https:\/\/www.dialhost.com.br\/trabalhe-conosco\/"},{"@type":"ListItem","position":2,"name":"Trabalhe Conosco"}]},{"@type":"WebSite","@id":"\/trabalhe-conosco\/#website","url":"\/trabalhe-conosco\/","name":"Trabalhe na DialHost","description":"Site para divulga\u00e7\u00e3o de oportunidades na DialHost","publisher":{"@id":"\/trabalhe-conosco\/#organization"},"potentialAction":[{"@type":"SearchAction","target":{"@type":"EntryPoint","urlTemplate":"\/trabalhe-conosco\/?s={search_term_string}"},"query-input":{"@type":"PropertyValueSpecification","valueRequired":true,"valueName":"search_term_string"}}],"inLanguage":"pt-BR"},{"@type":"Organization","@id":"\/trabalhe-conosco\/#organization","name":"DialHost Internet","url":"\/trabalhe-conosco\/","logo":{"@type":"ImageObject","inLanguage":"pt-BR","@id":"\/trabalhe-conosco\/#\/schema\/logo\/image\/","url":"https:\/\/www.dialhost.com.br\/trabalhe-conosco\/wp-content\/uploads\/2019\/08\/dialhost-simbol-rgb.jpg","contentUrl":"https:\/\/www.dialhost.com.br\/trabalhe-conosco\/wp-content\/uploads\/2019\/08\/dialhost-simbol-rgb.jpg","width":265,"height":265,"caption":"DialHost Internet"},"image":{"@id":"\/trabalhe-conosco\/#\/schema\/logo\/image\/"},"sameAs":["http:\/\/www.facebook.com\/DialHost","https:\/\/x.com\/dialhost","https:\/\/www.instagram.com\/dialhost_oficial\/","https:\/\/www.linkedin.com\/company\/dialhost-internet","https:\/\/www.youtube.com\/dialhost"]}]}},"_links":{"self":[{"href":"https:\/\/www.dialhost.com.br\/trabalhe-conosco\/wp-json\/wp\/v2\/pages\/9","targetHints":{"allow":["GET"]}}],"collection":[{"href":"https:\/\/www.dialhost.com.br\/trabalhe-conosco\/wp-json\/wp\/v2\/pages"}],"about":[{"href":"https:\/\/www.dialhost.com.br\/trabalhe-conosco\/wp-json\/wp\/v2\/types\/page"}],"author":[{"embeddable":true,"href":"https:\/\/www.dialhost.com.br\/trabalhe-conosco\/wp-json\/wp\/v2\/users\/1"}],"replies":[{"embeddable":true,"href":"https:\/\/www.dialhost.com.br\/trabalhe-conosco\/wp-json\/wp\/v2\/comments?post=9"}],"version-history":[{"count":0,"href":"https:\/\/www.dialhost.com.br\/trabalhe-conosco\/wp-json\/wp\/v2\/pages\/9\/revisions"}],"wp:attachment":[{"href":"https:\/\/www.dialhost.com.br\/trabalhe-conosco\/wp-json\/wp\/v2\/media?parent=9"}],"curies":[{"name":"wp","href":"https:\/\/api.w.org\/{rel}","templated":true}]}}