{"id":12640,"date":"2019-05-07T09:55:38","date_gmt":"2019-05-07T12:55:38","guid":{"rendered":"https:\/\/www.dialhost.com.br\/ajuda\/?page_id=12640"},"modified":"2019-05-15T09:55:22","modified_gmt":"2019-05-15T12:55:22","slug":"clientes","status":"publish","type":"page","link":"https:\/\/www.dialhost.com.br\/ajuda\/clientes\/","title":{"rendered":"Clientes Novos"},"content":{"rendered":"\t\t<div data-elementor-type=\"page\" data-elementor-id=\"12674\" class=\"elementor elementor-12674\" data-elementor-settings=\"[]\">\n\t\t\t\t\t\t<div class=\"elementor-inner\">\n\t\t\t\t\t\t\t<div class=\"elementor-section-wrap\">\n\t\t\t\t\t\t\t<section class=\"elementor-section elementor-top-section elementor-element elementor-element-a0f0dbc elementor-section-content-top elementor-section-boxed elementor-section-height-default elementor-section-height-default\" data-id=\"a0f0dbc\" data-element_type=\"section\" data-settings=\"{&quot;background_background&quot;:&quot;classic&quot;}\">\n\t\t\t\t\t\t<div class=\"elementor-container elementor-column-gap-default\">\n\t\t\t\t\t\t\t<div class=\"elementor-row\">\n\t\t\t\t\t<div class=\"elementor-column elementor-col-50 elementor-top-column elementor-element elementor-element-31310ac\" data-id=\"31310ac\" data-element_type=\"column\">\n\t\t\t<div class=\"elementor-column-wrap elementor-element-populated\">\n\t\t\t\t\t\t\t<div class=\"elementor-widget-wrap\">\n\t\t\t\t\t\t<div class=\"elementor-element elementor-element-08042f3 elementor-widget elementor-widget-heading\" data-id=\"08042f3\" data-element_type=\"widget\" data-widget_type=\"heading.default\">\n\t\t\t\t<div class=\"elementor-widget-container\">\n\t\t\t<h1 class=\"elementor-heading-title elementor-size-default\">Site Hospedado na<\/h1>\t\t<\/div>\n\t\t\t\t<\/div>\n\t\t\t\t\t\t<\/div>\n\t\t\t\t\t<\/div>\n\t\t<\/div>\n\t\t\t\t<div class=\"elementor-column elementor-col-50 elementor-top-column elementor-element elementor-element-ead20ba\" data-id=\"ead20ba\" data-element_type=\"column\">\n\t\t\t<div class=\"elementor-column-wrap elementor-element-populated\">\n\t\t\t\t\t\t\t<div class=\"elementor-widget-wrap\">\n\t\t\t\t\t\t<div class=\"elementor-element elementor-element-0d43e1d elementor-widget elementor-widget-image\" data-id=\"0d43e1d\" data-element_type=\"widget\" data-widget_type=\"image.default\">\n\t\t\t\t<div class=\"elementor-widget-container\">\n\t\t\t\t\t<div class=\"elementor-image\">\n\t\t\t\t\t\t\t\t\t\t\t<a href=\"https:\/\/www.dialhost.com.br\/\" rel=\"nofollow\">\n\t\t\t\t\t\t\t<img width=\"1\" height=\"1\" src=\"https:\/\/www.dialhost.com.br\/ajuda\/wp-content\/uploads\/2019\/04\/logo-dialhost.svg\" class=\"attachment-large size-large\" alt=\"\" loading=\"lazy\" sizes=\"(max-width: 34.9rem) calc(100vw - 2rem), (max-width: 53rem) calc(8 * (100vw \/ 12)), (min-width: 53rem) calc(6 * (100vw \/ 12)), 100vw\" \/>\t\t\t\t\t\t\t\t<\/a>\n\t\t\t\t\t\t\t\t\t\t\t<\/div>\n\t\t\t\t<\/div>\n\t\t\t\t<\/div>\n\t\t\t\t\t\t<\/div>\n\t\t\t\t\t<\/div>\n\t\t<\/div>\n\t\t\t\t\t\t\t\t<\/div>\n\t\t\t\t\t<\/div>\n\t\t<\/section>\n\t\t\t\t<section class=\"elementor-section elementor-top-section elementor-element elementor-element-749858b elementor-section-height-min-height elementor-section-boxed elementor-section-height-default elementor-section-items-middle\" data-id=\"749858b\" data-element_type=\"section\">\n\t\t\t\t\t\t<div class=\"elementor-container elementor-column-gap-default\">\n\t\t\t\t\t\t\t<div class=\"elementor-row\">\n\t\t\t\t\t<div class=\"elementor-column elementor-col-50 elementor-top-column elementor-element elementor-element-0beb76b\" data-id=\"0beb76b\" data-element_type=\"column\">\n\t\t\t<div class=\"elementor-column-wrap elementor-element-populated\">\n\t\t\t\t\t\t\t<div class=\"elementor-widget-wrap\">\n\t\t\t\t\t\t<div class=\"elementor-element elementor-element-c41cb97 elementor-widget elementor-widget-image\" data-id=\"c41cb97\" data-element_type=\"widget\" data-widget_type=\"image.default\">\n\t\t\t\t<div class=\"elementor-widget-container\">\n\t\t\t\t\t<div class=\"elementor-image\">\n\t\t\t\t\t\t\t\t\t\t<img width=\"1\" height=\"1\" src=\"https:\/\/www.dialhost.com.br\/ajuda\/wp-content\/uploads\/2019\/05\/site-em-constru\u00e7\u00e3o.svg\" class=\"attachment-large size-large\" alt=\"\" loading=\"lazy\" sizes=\"(max-width: 34.9rem) calc(100vw - 2rem), (max-width: 53rem) calc(8 * (100vw \/ 12)), (min-width: 53rem) calc(6 * (100vw \/ 12)), 100vw\" \/>\t\t\t\t\t\t\t\t\t\t\t<\/div>\n\t\t\t\t<\/div>\n\t\t\t\t<\/div>\n\t\t\t\t\t\t<\/div>\n\t\t\t\t\t<\/div>\n\t\t<\/div>\n\t\t\t\t<div class=\"elementor-column elementor-col-50 elementor-top-column elementor-element elementor-element-8d695c8\" data-id=\"8d695c8\" data-element_type=\"column\">\n\t\t\t<div class=\"elementor-column-wrap elementor-element-populated\">\n\t\t\t\t\t\t\t<div class=\"elementor-widget-wrap\">\n\t\t\t\t\t\t<div class=\"elementor-element elementor-element-5ffa2c2 elementor-widget elementor-widget-heading\" data-id=\"5ffa2c2\" data-element_type=\"widget\" data-widget_type=\"heading.default\">\n\t\t\t\t<div class=\"elementor-widget-container\">\n\t\t\t<h2 class=\"elementor-heading-title elementor-size-default\">Site em Constru\u00e7\u00e3O<\/h2>\t\t<\/div>\n\t\t\t\t<\/div>\n\t\t\t\t<div class=\"elementor-element elementor-element-c244382 elementor-widget elementor-widget-text-editor\" data-id=\"c244382\" data-element_type=\"widget\" data-widget_type=\"text-editor.default\">\n\t\t\t\t<div class=\"elementor-widget-container\">\n\t\t\t\t\t<div class=\"elementor-text-editor elementor-clearfix\"><p>Nosso cliente ainda est\u00e1 preparando este site para atender voc\u00ea.<\/p><p>Em breve, voc\u00ea ter\u00e1 grandes novidades para acompanhar por aqui!<\/p><\/div>\n\t\t\t\t<\/div>\n\t\t\t\t<\/div>\n\t\t\t\t\t\t<\/div>\n\t\t\t\t\t<\/div>\n\t\t<\/div>\n\t\t\t\t\t\t\t\t<\/div>\n\t\t\t\t\t<\/div>\n\t\t<\/section>\n\t\t\t\t<section class=\"elementor-section elementor-top-section elementor-element elementor-element-08f85d1 elementor-section-height-min-height elementor-section-boxed elementor-section-height-default elementor-section-items-middle\" data-id=\"08f85d1\" data-element_type=\"section\">\n\t\t\t\t\t\t<div class=\"elementor-container elementor-column-gap-default\">\n\t\t\t\t\t\t\t<div class=\"elementor-row\">\n\t\t\t\t\t<div class=\"elementor-column elementor-col-100 elementor-top-column elementor-element elementor-element-a531e9d\" data-id=\"a531e9d\" data-element_type=\"column\">\n\t\t\t<div class=\"elementor-column-wrap elementor-element-populated\">\n\t\t\t\t\t\t\t<div class=\"elementor-widget-wrap\">\n\t\t\t\t\t\t<div class=\"elementor-element elementor-element-4bb48d5 elementor-widget-divider--view-line elementor-widget elementor-widget-divider\" data-id=\"4bb48d5\" data-element_type=\"widget\" data-widget_type=\"divider.default\">\n\t\t\t\t<div class=\"elementor-widget-container\">\n\t\t\t\t\t<div class=\"elementor-divider\">\n\t\t\t<span class=\"elementor-divider-separator\">\n\t\t\t\t\t\t<\/span>\n\t\t<\/div>\n\t\t\t\t<\/div>\n\t\t\t\t<\/div>\n\t\t\t\t<div class=\"elementor-element elementor-element-3381f64 elementor-widget elementor-widget-heading\" data-id=\"3381f64\" data-element_type=\"widget\" data-widget_type=\"heading.default\">\n\t\t\t\t<div class=\"elementor-widget-container\">\n\t\t\t<h3 class=\"elementor-heading-title elementor-size-default\">Conhe\u00e7a a DialHost<\/h3>\t\t<\/div>\n\t\t\t\t<\/div>\n\t\t\t\t<section class=\"elementor-section elementor-inner-section elementor-element elementor-element-f5305b1 categorias elementor-section-boxed elementor-section-height-default elementor-section-height-default\" data-id=\"f5305b1\" data-element_type=\"section\">\n\t\t\t\t\t\t<div class=\"elementor-container elementor-column-gap-default\">\n\t\t\t\t\t\t\t<div class=\"elementor-row\">\n\t\t\t\t\t<div class=\"elementor-column elementor-col-25 elementor-inner-column elementor-element elementor-element-e40fdc4\" data-id=\"e40fdc4\" data-element_type=\"column\" data-settings=\"{&quot;background_background&quot;:&quot;classic&quot;}\">\n\t\t\t<div class=\"elementor-column-wrap elementor-element-populated\">\n\t\t\t\t\t\t\t<div class=\"elementor-widget-wrap\">\n\t\t\t\t\t\t<div class=\"elementor-element elementor-element-2fd2847 elementor-widget elementor-widget-image\" data-id=\"2fd2847\" data-element_type=\"widget\" data-widget_type=\"image.default\">\n\t\t\t\t<div class=\"elementor-widget-container\">\n\t\t\t\t\t<div class=\"elementor-image\">\n\t\t\t\t\t\t\t\t\t\t<img width=\"1\" height=\"1\" src=\"https:\/\/www.dialhost.com.br\/ajuda\/wp-content\/uploads\/2019\/04\/cms.svg\" class=\"attachment-large size-large\" alt=\"\" loading=\"lazy\" sizes=\"(max-width: 34.9rem) calc(100vw - 2rem), (max-width: 53rem) calc(8 * (100vw \/ 12)), (min-width: 53rem) calc(6 * (100vw \/ 12)), 100vw\" \/>\t\t\t\t\t\t\t\t\t\t\t<\/div>\n\t\t\t\t<\/div>\n\t\t\t\t<\/div>\n\t\t\t\t<div class=\"elementor-element elementor-element-20e203d elementor-widget elementor-widget-heading\" data-id=\"20e203d\" data-element_type=\"widget\" data-widget_type=\"heading.default\">\n\t\t\t\t<div class=\"elementor-widget-container\">\n\t\t\t<h3 class=\"elementor-heading-title elementor-size-default\">Hospedagem de Sites<\/h3>\t\t<\/div>\n\t\t\t\t<\/div>\n\t\t\t\t<div class=\"elementor-element elementor-element-93cafb3 elementor-align-center elementor-widget elementor-widget-button\" data-id=\"93cafb3\" data-element_type=\"widget\" data-widget_type=\"button.default\">\n\t\t\t\t<div class=\"elementor-widget-container\">\n\t\t\t\t\t<div class=\"elementor-button-wrapper\">\n\t\t\t<a href=\"https:\/\/www.dialhost.com.br\/\" rel=\"nofollow\" class=\"elementor-button-link elementor-button elementor-size-sm\" role=\"button\" id=\"ClienteNovoHospedagem\">\n\t\t\t\t\t\t<span class=\"elementor-button-content-wrapper\">\n\t\t\t\t\t\t<span class=\"elementor-button-text\">Saber mais<\/span>\n\t\t<\/span>\n\t\t\t\t\t<\/a>\n\t\t<\/div>\n\t\t\t\t<\/div>\n\t\t\t\t<\/div>\n\t\t\t\t\t\t<\/div>\n\t\t\t\t\t<\/div>\n\t\t<\/div>\n\t\t\t\t<div class=\"elementor-column elementor-col-25 elementor-inner-column elementor-element elementor-element-241de0b\" data-id=\"241de0b\" data-element_type=\"column\" data-settings=\"{&quot;background_background&quot;:&quot;classic&quot;}\">\n\t\t\t<div class=\"elementor-column-wrap elementor-element-populated\">\n\t\t\t\t\t\t\t<div class=\"elementor-widget-wrap\">\n\t\t\t\t\t\t<div class=\"elementor-element elementor-element-6ba3f5e elementor-widget elementor-widget-image\" data-id=\"6ba3f5e\" data-element_type=\"widget\" data-widget_type=\"image.default\">\n\t\t\t\t<div class=\"elementor-widget-container\">\n\t\t\t\t\t<div class=\"elementor-image\">\n\t\t\t\t\t\t\t\t\t\t<img width=\"1\" height=\"1\" src=\"https:\/\/www.dialhost.com.br\/ajuda\/wp-content\/uploads\/2019\/04\/criador-de-sites.svg\" class=\"attachment-large size-large\" alt=\"\" loading=\"lazy\" sizes=\"(max-width: 34.9rem) calc(100vw - 2rem), (max-width: 53rem) calc(8 * (100vw \/ 12)), (min-width: 53rem) calc(6 * (100vw \/ 12)), 100vw\" \/>\t\t\t\t\t\t\t\t\t\t\t<\/div>\n\t\t\t\t<\/div>\n\t\t\t\t<\/div>\n\t\t\t\t<div class=\"elementor-element elementor-element-da61f32 elementor-widget elementor-widget-heading\" data-id=\"da61f32\" data-element_type=\"widget\" data-widget_type=\"heading.default\">\n\t\t\t\t<div class=\"elementor-widget-container\">\n\t\t\t<h3 class=\"elementor-heading-title elementor-size-default\">Criador de Sites<\/h3>\t\t<\/div>\n\t\t\t\t<\/div>\n\t\t\t\t<div class=\"elementor-element elementor-element-d1f254c elementor-align-center elementor-widget elementor-widget-button\" data-id=\"d1f254c\" data-element_type=\"widget\" data-widget_type=\"button.default\">\n\t\t\t\t<div class=\"elementor-widget-container\">\n\t\t\t\t\t<div class=\"elementor-button-wrapper\">\n\t\t\t<a href=\"https:\/\/www.dialhost.com.br\/criador-de-sites\" rel=\"nofollow\" class=\"elementor-button-link elementor-button elementor-size-sm\" role=\"button\" id=\"ClienteNovoCriadordeSites\">\n\t\t\t\t\t\t<span class=\"elementor-button-content-wrapper\">\n\t\t\t\t\t\t<span class=\"elementor-button-text\">Saber mais<\/span>\n\t\t<\/span>\n\t\t\t\t\t<\/a>\n\t\t<\/div>\n\t\t\t\t<\/div>\n\t\t\t\t<\/div>\n\t\t\t\t\t\t<\/div>\n\t\t\t\t\t<\/div>\n\t\t<\/div>\n\t\t\t\t<div class=\"elementor-column elementor-col-25 elementor-inner-column elementor-element elementor-element-3795667\" data-id=\"3795667\" data-element_type=\"column\" data-settings=\"{&quot;background_background&quot;:&quot;classic&quot;}\">\n\t\t\t<div class=\"elementor-column-wrap elementor-element-populated\">\n\t\t\t\t\t\t\t<div class=\"elementor-widget-wrap\">\n\t\t\t\t\t\t<div class=\"elementor-element elementor-element-db14027 elementor-widget elementor-widget-image\" data-id=\"db14027\" data-element_type=\"widget\" data-widget_type=\"image.default\">\n\t\t\t\t<div class=\"elementor-widget-container\">\n\t\t\t\t\t<div class=\"elementor-image\">\n\t\t\t\t\t\t\t\t\t\t<img width=\"1\" height=\"1\" src=\"https:\/\/www.dialhost.com.br\/ajuda\/wp-content\/uploads\/2019\/04\/email-marketing.svg\" class=\"attachment-large size-large\" alt=\"\" loading=\"lazy\" sizes=\"(max-width: 34.9rem) calc(100vw - 2rem), (max-width: 53rem) calc(8 * (100vw \/ 12)), (min-width: 53rem) calc(6 * (100vw \/ 12)), 100vw\" \/>\t\t\t\t\t\t\t\t\t\t\t<\/div>\n\t\t\t\t<\/div>\n\t\t\t\t<\/div>\n\t\t\t\t<div class=\"elementor-element elementor-element-acc2c88 elementor-widget elementor-widget-heading\" data-id=\"acc2c88\" data-element_type=\"widget\" data-widget_type=\"heading.default\">\n\t\t\t\t<div class=\"elementor-widget-container\">\n\t\t\t<h3 class=\"elementor-heading-title elementor-size-default\">E-mail Marketing<\/h3>\t\t<\/div>\n\t\t\t\t<\/div>\n\t\t\t\t<div class=\"elementor-element elementor-element-a39ebfa elementor-align-center elementor-widget elementor-widget-button\" data-id=\"a39ebfa\" data-element_type=\"widget\" data-widget_type=\"button.default\">\n\t\t\t\t<div class=\"elementor-widget-container\">\n\t\t\t\t\t<div class=\"elementor-button-wrapper\">\n\t\t\t<a href=\"https:\/\/www.dialmailer.com.br\/\" rel=\"nofollow\" class=\"elementor-button-link elementor-button elementor-size-sm\" role=\"button\" id=\"ClienteNovoEmailMarketing\">\n\t\t\t\t\t\t<span class=\"elementor-button-content-wrapper\">\n\t\t\t\t\t\t<span class=\"elementor-button-text\">Saber mais<\/span>\n\t\t<\/span>\n\t\t\t\t\t<\/a>\n\t\t<\/div>\n\t\t\t\t<\/div>\n\t\t\t\t<\/div>\n\t\t\t\t\t\t<\/div>\n\t\t\t\t\t<\/div>\n\t\t<\/div>\n\t\t\t\t<div class=\"elementor-column elementor-col-25 elementor-inner-column elementor-element elementor-element-a581f1e\" data-id=\"a581f1e\" data-element_type=\"column\" data-settings=\"{&quot;background_background&quot;:&quot;classic&quot;}\">\n\t\t\t<div class=\"elementor-column-wrap elementor-element-populated\">\n\t\t\t\t\t\t\t<div class=\"elementor-widget-wrap\">\n\t\t\t\t\t\t<div class=\"elementor-element elementor-element-a34c689 elementor-widget elementor-widget-image\" data-id=\"a34c689\" data-element_type=\"widget\" data-widget_type=\"image.default\">\n\t\t\t\t<div class=\"elementor-widget-container\">\n\t\t\t\t\t<div class=\"elementor-image\">\n\t\t\t\t\t\t\t\t\t\t<img width=\"1\" height=\"1\" src=\"https:\/\/www.dialhost.com.br\/ajuda\/wp-content\/uploads\/2019\/04\/blog.svg\" class=\"attachment-large size-large\" alt=\"\" loading=\"lazy\" sizes=\"(max-width: 34.9rem) calc(100vw - 2rem), (max-width: 53rem) calc(8 * (100vw \/ 12)), (min-width: 53rem) calc(6 * (100vw \/ 12)), 100vw\" \/>\t\t\t\t\t\t\t\t\t\t\t<\/div>\n\t\t\t\t<\/div>\n\t\t\t\t<\/div>\n\t\t\t\t<div class=\"elementor-element elementor-element-21c3ae4 elementor-widget elementor-widget-heading\" data-id=\"21c3ae4\" data-element_type=\"widget\" data-widget_type=\"heading.default\">\n\t\t\t\t<div class=\"elementor-widget-container\">\n\t\t\t<h3 class=\"elementor-heading-title elementor-size-default\">Blog DialHost<\/h3>\t\t<\/div>\n\t\t\t\t<\/div>\n\t\t\t\t<div class=\"elementor-element elementor-element-161c9f2 elementor-align-center elementor-widget elementor-widget-button\" data-id=\"161c9f2\" data-element_type=\"widget\" data-widget_type=\"button.default\">\n\t\t\t\t<div class=\"elementor-widget-container\">\n\t\t\t\t\t<div class=\"elementor-button-wrapper\">\n\t\t\t<a href=\"https:\/\/www.dialhost.com.br\/blog\/\" rel=\"nofollow\" class=\"elementor-button-link elementor-button elementor-size-sm\" role=\"button\" id=\"ClienteNovoBlog\">\n\t\t\t\t\t\t<span class=\"elementor-button-content-wrapper\">\n\t\t\t\t\t\t<span class=\"elementor-button-text\">Acessar<\/span>\n\t\t<\/span>\n\t\t\t\t\t<\/a>\n\t\t<\/div>\n\t\t\t\t<\/div>\n\t\t\t\t<\/div>\n\t\t\t\t\t\t<\/div>\n\t\t\t\t\t<\/div>\n\t\t<\/div>\n\t\t\t\t\t\t\t\t<\/div>\n\t\t\t\t\t<\/div>\n\t\t<\/section>\n\t\t\t\t\t\t<\/div>\n\t\t\t\t\t<\/div>\n\t\t<\/div>\n\t\t\t\t\t\t\t\t<\/div>\n\t\t\t\t\t<\/div>\n\t\t<\/section>\n\t\t\t\t\t\t<\/div>\n\t\t\t\t\t\t<\/div>\n\t\t\t\t\t<\/div>\n\t\t\n","protected":false},"excerpt":{"rendered":"","protected":false},"author":1,"featured_media":0,"parent":0,"menu_order":0,"comment_status":"closed","ping_status":"closed","template":"elementor_canvas","meta":[],"yoast_head":"<!-- This site is optimized with the Yoast SEO plugin v19.9 - https:\/\/yoast.com\/wordpress\/plugins\/seo\/ -->\n<title>Site Hospedado na DialHost Internet - Hospedando voc\u00ea no Mundo! ??<\/title>\n<meta name=\"description\" content=\"Este site est\u00e1 em constru\u00e7\u00e3o e hospedado na DialHost. Coloque sua ideia para internet com um site profissional para seu neg\u00f3cio e suporte 100% Brasileiro.\" \/>\n<meta name=\"robots\" content=\"index, nofollow, max-snippet:-1, max-image-preview:large, max-video-preview:-1\" \/>\n<link rel=\"canonical\" href=\"https:\/\/www.dialhost.com.br\/ajuda\/clientes\/\" \/>\n<meta property=\"og:locale\" content=\"en_US\" \/>\n<meta property=\"og:type\" content=\"article\" \/>\n<meta property=\"og:title\" content=\"Site Hospedado na DialHost Internet - Hospedando voc\u00ea no Mundo! ??\" \/>\n<meta property=\"og:description\" content=\"Este site est\u00e1 em constru\u00e7\u00e3o e hospedado na DialHost. Coloque sua ideia para internet com um site profissional para seu neg\u00f3cio e suporte 100% Brasileiro.\" \/>\n<meta property=\"og:url\" content=\"\/ajuda\/clientes\/\" \/>\n<meta property=\"og:site_name\" content=\"Central de Atendimento e Ajuda DialHost\" \/>\n<meta property=\"article:publisher\" content=\"http:\/\/www.facebook.com\/DialHost\" \/>\n<meta property=\"article:modified_time\" content=\"2019-05-15T12:55:22+00:00\" \/>\n<meta property=\"og:image\" content=\"https:\/\/www.dialhost.com.br\/ajuda\/wp-content\/uploads\/2019\/04\/og-image.png\" \/>\n\t<meta property=\"og:image:width\" content=\"1200\" \/>\n\t<meta property=\"og:image:height\" content=\"630\" \/>\n\t<meta property=\"og:image:type\" content=\"image\/png\" \/>\n<meta name=\"twitter:card\" content=\"summary_large_image\" \/>\n<meta name=\"twitter:site\" content=\"@dialhost\" \/>\n<script type=\"application\/ld+json\" class=\"yoast-schema-graph\">{\"@context\":\"https:\/\/schema.org\",\"@graph\":[{\"@type\":\"WebPage\",\"@id\":\"\/ajuda\/clientes\/\",\"url\":\"https:\/\/www.dialhost.com.br\/ajuda\/clientes\/\",\"name\":\"Site Hospedado na DialHost Internet - Hospedando voc\u00ea no Mundo! ??\",\"isPartOf\":{\"@id\":\"\/ajuda\/#website\"},\"datePublished\":\"2019-05-07T12:55:38+00:00\",\"dateModified\":\"2019-05-15T12:55:22+00:00\",\"description\":\"Este site est\u00e1 em constru\u00e7\u00e3o e hospedado na DialHost. Coloque sua ideia para internet com um site profissional para seu neg\u00f3cio e suporte 100% Brasileiro.\",\"breadcrumb\":{\"@id\":\"https:\/\/www.dialhost.com.br\/ajuda\/clientes\/#breadcrumb\"},\"inLanguage\":\"en-US\",\"potentialAction\":[{\"@type\":\"ReadAction\",\"target\":[\"https:\/\/www.dialhost.com.br\/ajuda\/clientes\/\"]}]},{\"@type\":\"BreadcrumbList\",\"@id\":\"https:\/\/www.dialhost.com.br\/ajuda\/clientes\/#breadcrumb\",\"itemListElement\":[{\"@type\":\"ListItem\",\"position\":1,\"name\":\"In\u00edcio\",\"item\":\"\/ajuda\/\"},{\"@type\":\"ListItem\",\"position\":2,\"name\":\"Clientes Novos\"}]},{\"@type\":\"WebSite\",\"@id\":\"\/ajuda\/#website\",\"url\":\"\/ajuda\/\",\"name\":\"Central de Atendimento e Ajuda DialHost\",\"description\":\"Central de Atendimento DialHost - Receba suporte e ajuda com informa\u00e7\u00f5es e artigos para tirar as d\u00favidas mais comuns sobre nossos servi\u00e7os.\",\"publisher\":{\"@id\":\"\/ajuda\/#organization\"},\"potentialAction\":[{\"@type\":\"SearchAction\",\"target\":{\"@type\":\"EntryPoint\",\"urlTemplate\":\"\/ajuda\/?s={search_term_string}\"},\"query-input\":\"required name=search_term_string\"}],\"inLanguage\":\"en-US\"},{\"@type\":\"Organization\",\"@id\":\"\/ajuda\/#organization\",\"name\":\"DialHost Internet\",\"url\":\"\/ajuda\/\",\"logo\":{\"@type\":\"ImageObject\",\"inLanguage\":\"en-US\",\"@id\":\"\/ajuda\/#\/schema\/logo\/image\/\",\"url\":\"https:\/\/www.dialhost.com.br\/ajuda\/wp-content\/uploads\/2019\/04\/dialhost-logo.png\",\"contentUrl\":\"https:\/\/www.dialhost.com.br\/ajuda\/wp-content\/uploads\/2019\/04\/dialhost-logo.png\",\"width\":81,\"height\":81,\"caption\":\"DialHost Internet\"},\"image\":{\"@id\":\"\/ajuda\/#\/schema\/logo\/image\/\"},\"sameAs\":[\"https:\/\/www.instagram.com\/dialhost_oficial\/\",\"https:\/\/www.linkedin.com\/company\/dialhost-internet\",\"https:\/\/www.youtube.com\/channel\/UCAiqiX8IiqTSfA8wQhpzgXQ\",\"http:\/\/www.facebook.com\/DialHost\",\"https:\/\/twitter.com\/dialhost\"]}]}<\/script>\n<!-- \/ Yoast SEO plugin. -->","yoast_head_json":{"title":"Site Hospedado na DialHost Internet - Hospedando voc\u00ea no Mundo! ??","description":"Este site est\u00e1 em constru\u00e7\u00e3o e hospedado na DialHost. Coloque sua ideia para internet com um site profissional para seu neg\u00f3cio e suporte 100% Brasileiro.","robots":{"index":"index","follow":"nofollow","max-snippet":"max-snippet:-1","max-image-preview":"max-image-preview:large","max-video-preview":"max-video-preview:-1"},"canonical":"https:\/\/www.dialhost.com.br\/ajuda\/clientes\/","og_locale":"en_US","og_type":"article","og_title":"Site Hospedado na DialHost Internet - Hospedando voc\u00ea no Mundo! ??","og_description":"Este site est\u00e1 em constru\u00e7\u00e3o e hospedado na DialHost. Coloque sua ideia para internet com um site profissional para seu neg\u00f3cio e suporte 100% Brasileiro.","og_url":"\/ajuda\/clientes\/","og_site_name":"Central de Atendimento e Ajuda DialHost","article_publisher":"http:\/\/www.facebook.com\/DialHost","article_modified_time":"2019-05-15T12:55:22+00:00","og_image":[{"width":1200,"height":630,"url":"https:\/\/www.dialhost.com.br\/ajuda\/wp-content\/uploads\/2019\/04\/og-image.png","type":"image\/png"}],"twitter_card":"summary_large_image","twitter_site":"@dialhost","schema":{"@context":"https:\/\/schema.org","@graph":[{"@type":"WebPage","@id":"\/ajuda\/clientes\/","url":"https:\/\/www.dialhost.com.br\/ajuda\/clientes\/","name":"Site Hospedado na DialHost Internet - Hospedando voc\u00ea no Mundo! ??","isPartOf":{"@id":"\/ajuda\/#website"},"datePublished":"2019-05-07T12:55:38+00:00","dateModified":"2019-05-15T12:55:22+00:00","description":"Este site est\u00e1 em constru\u00e7\u00e3o e hospedado na DialHost. Coloque sua ideia para internet com um site profissional para seu neg\u00f3cio e suporte 100% Brasileiro.","breadcrumb":{"@id":"https:\/\/www.dialhost.com.br\/ajuda\/clientes\/#breadcrumb"},"inLanguage":"en-US","potentialAction":[{"@type":"ReadAction","target":["https:\/\/www.dialhost.com.br\/ajuda\/clientes\/"]}]},{"@type":"BreadcrumbList","@id":"https:\/\/www.dialhost.com.br\/ajuda\/clientes\/#breadcrumb","itemListElement":[{"@type":"ListItem","position":1,"name":"In\u00edcio","item":"\/ajuda\/"},{"@type":"ListItem","position":2,"name":"Clientes Novos"}]},{"@type":"WebSite","@id":"\/ajuda\/#website","url":"\/ajuda\/","name":"Central de Atendimento e Ajuda DialHost","description":"Central de Atendimento DialHost - Receba suporte e ajuda com informa\u00e7\u00f5es e artigos para tirar as d\u00favidas mais comuns sobre nossos servi\u00e7os.","publisher":{"@id":"\/ajuda\/#organization"},"potentialAction":[{"@type":"SearchAction","target":{"@type":"EntryPoint","urlTemplate":"\/ajuda\/?s={search_term_string}"},"query-input":"required name=search_term_string"}],"inLanguage":"en-US"},{"@type":"Organization","@id":"\/ajuda\/#organization","name":"DialHost Internet","url":"\/ajuda\/","logo":{"@type":"ImageObject","inLanguage":"en-US","@id":"\/ajuda\/#\/schema\/logo\/image\/","url":"https:\/\/www.dialhost.com.br\/ajuda\/wp-content\/uploads\/2019\/04\/dialhost-logo.png","contentUrl":"https:\/\/www.dialhost.com.br\/ajuda\/wp-content\/uploads\/2019\/04\/dialhost-logo.png","width":81,"height":81,"caption":"DialHost Internet"},"image":{"@id":"\/ajuda\/#\/schema\/logo\/image\/"},"sameAs":["https:\/\/www.instagram.com\/dialhost_oficial\/","https:\/\/www.linkedin.com\/company\/dialhost-internet","https:\/\/www.youtube.com\/channel\/UCAiqiX8IiqTSfA8wQhpzgXQ","http:\/\/www.facebook.com\/DialHost","https:\/\/twitter.com\/dialhost"]}]}},"_links":{"self":[{"href":"https:\/\/www.dialhost.com.br\/ajuda\/wp-json\/wp\/v2\/pages\/12640"}],"collection":[{"href":"https:\/\/www.dialhost.com.br\/ajuda\/wp-json\/wp\/v2\/pages"}],"about":[{"href":"https:\/\/www.dialhost.com.br\/ajuda\/wp-json\/wp\/v2\/types\/page"}],"author":[{"embeddable":true,"href":"https:\/\/www.dialhost.com.br\/ajuda\/wp-json\/wp\/v2\/users\/1"}],"replies":[{"embeddable":true,"href":"https:\/\/www.dialhost.com.br\/ajuda\/wp-json\/wp\/v2\/comments?post=12640"}],"version-history":[{"count":0,"href":"https:\/\/www.dialhost.com.br\/ajuda\/wp-json\/wp\/v2\/pages\/12640\/revisions"}],"wp:attachment":[{"href":"https:\/\/www.dialhost.com.br\/ajuda\/wp-json\/wp\/v2\/media?parent=12640"}],"curies":[{"name":"wp","href":"https:\/\/api.w.org\/{rel}","templated":true}]}}